{"id":394,"date":"2020-06-23T20:26:21","date_gmt":"2020-06-23T23:26:21","guid":{"rendered":"http:\/\/rossetijoias.com.br\/produtossite\/?page_id=394"},"modified":"2024-11-13T08:07:03","modified_gmt":"2024-11-13T11:07:03","slug":"contato","status":"publish","type":"page","link":"https:\/\/rossetijoias.com.br\/produtossite\/contato\/","title":{"rendered":"CONTATO"},"content":{"rendered":"<p>[et_pb_section fb_built=&#8221;1&#8243; _builder_version=&#8221;4.16&#8243; global_colors_info=&#8221;{}&#8221;][et_pb_row _builder_version=&#8221;4.16&#8243; background_size=&#8221;initial&#8221; background_position=&#8221;top_left&#8221; background_repeat=&#8221;repeat&#8221; global_colors_info=&#8221;{}&#8221;][et_pb_column type=&#8221;4_4&#8243; _builder_version=&#8221;4.16&#8243; custom_padding=&#8221;|||&#8221; global_colors_info=&#8221;{}&#8221; custom_padding__hover=&#8221;|||&#8221;][et_pb_text _builder_version=&#8221;4.16&#8243; text_font=&#8221;Julius Sans One||||||||&#8221; text_font_size=&#8221;36px&#8221; header_font=&#8221;Numans||||||||&#8221; header_font_size=&#8221;31px&#8221; text_orientation=&#8221;center&#8221; global_colors_info=&#8221;{}&#8221;]<\/p>\n<h4><span style=\"font-size: xx-large;\">Informa\u00e7\u00e3o de contato<\/span><\/h4>\n<p><span style=\"font-size: large;\">Entre em contato pelo nosso WhatsApp ou fa\u00e7a uma visita em nossa loja.<br \/>\n<span style=\"font-size: medium;\">R. Sergipe, 984 &#8211; Centro, Londrina &#8211; PR, 86010-380| <strong>(43) 99116-7086<\/strong><\/span><br \/>\n<\/span><br \/>\n[\/et_pb_text][et_pb_button button_url=&#8221;https:\/\/api.whatsapp.com\/send?phone=554391167086&#8243; url_new_window=&#8221;on&#8221; button_text=&#8221;WhatsApp&#8221; button_alignment=&#8221;center&#8221; _builder_version=&#8221;4.16&#8243; custom_button=&#8221;on&#8221; button_text_color=&#8221;#ffffff&#8221; button_bg_color=&#8221;#000000&#8243; button_border_color=&#8221;rgba(0,0,0,0)&#8221; button_border_radius=&#8221;0px&#8221; global_colors_info=&#8221;{}&#8221; button_text_size__hover_enabled=&#8221;off&#8221; button_one_text_size__hover_enabled=&#8221;off&#8221; button_two_text_size__hover_enabled=&#8221;off&#8221; button_text_color__hover_enabled=&#8221;off&#8221; button_one_text_color__hover_enabled=&#8221;off&#8221; button_two_text_color__hover_enabled=&#8221;off&#8221; button_border_width__hover_enabled=&#8221;off&#8221; button_one_border_width__hover_enabled=&#8221;off&#8221; button_two_border_width__hover_enabled=&#8221;off&#8221; button_border_color__hover_enabled=&#8221;off&#8221; button_one_border_color__hover_enabled=&#8221;off&#8221; button_two_border_color__hover_enabled=&#8221;off&#8221; button_border_radius__hover_enabled=&#8221;off&#8221; button_one_border_radius__hover_enabled=&#8221;off&#8221; button_two_border_radius__hover_enabled=&#8221;off&#8221; button_letter_spacing__hover_enabled=&#8221;off&#8221; button_one_letter_spacing__hover_enabled=&#8221;off&#8221; button_two_letter_spacing__hover_enabled=&#8221;off&#8221; button_bg_color__hover_enabled=&#8221;off&#8221; button_one_bg_color__hover_enabled=&#8221;off&#8221; button_two_bg_color__hover_enabled=&#8221;off&#8221;]&nbsp;<br \/>\n[\/et_pb_button][\/et_pb_column][\/et_pb_row][\/et_pb_section][et_pb_section fb_built=&#8221;1&#8243; fullwidth=&#8221;on&#8221; _builder_version=&#8221;4.27.3&#8243; global_colors_info=&#8221;{}&#8221;][et_pb_fullwidth_code _builder_version=&#8221;4.27.3&#8243; global_colors_info=&#8221;{}&#8221; custom_margin=&#8221;||157px|||&#8221;]<iframe loading=\"lazy\" src=\"https:\/\/www.google.com\/maps\/embed?pb=!1m14!1m8!1m3!1d14656.673211674502!2d-51.1625308!3d-23.3096516!3m2!1i1024!2i768!4f13.1!3m3!1m2!1s0x0%3A0x2d13807dd01d39f6!2sRosseti%20J%C3%B3ias!5e0!3m2!1spt-BR!2sbr!4v1593117640878!5m2!1spt-BR!2sbr\" width=\"1920\" height=\"450\" frameborder=\"0\" style=\"border:0;\" allowfullscreen=\"\" aria-hidden=\"false\" tabindex=\"0\"><\/iframe>[\/et_pb_fullwidth_code][\/et_pb_section]<\/p>\n","protected":false},"excerpt":{"rendered":"<p>Informa\u00e7\u00e3o de contato Entre em contato pelo nosso WhatsApp ou fa\u00e7a uma visita em nossa loja. R. Sergipe, 984 &#8211; Centro, Londrina &#8211; PR, 86010-380| (43) 99116-7086 &nbsp;<\/p>\n","protected":false},"author":1,"featured_media":0,"parent":0,"menu_order":0,"comment_status":"closed","ping_status":"closed","template":"","meta":{"_et_pb_use_builder":"on","_et_pb_old_content":"","_et_gb_content_width":"","footnotes":""},"class_list":["post-394","page","type-page","status-publish","hentry"],"_links":{"self":[{"href":"https:\/\/rossetijoias.com.br\/produtossite\/wp-json\/wp\/v2\/pages\/394","targetHints":{"allow":["GET"]}}],"collection":[{"href":"https:\/\/rossetijoias.com.br\/produtossite\/wp-json\/wp\/v2\/pages"}],"about":[{"href":"https:\/\/rossetijoias.com.br\/produtossite\/wp-json\/wp\/v2\/types\/page"}],"author":[{"embeddable":true,"href":"https:\/\/rossetijoias.com.br\/produtossite\/wp-json\/wp\/v2\/users\/1"}],"replies":[{"embeddable":true,"href":"https:\/\/rossetijoias.com.br\/produtossite\/wp-json\/wp\/v2\/comments?post=394"}],"version-history":[{"count":13,"href":"https:\/\/rossetijoias.com.br\/produtossite\/wp-json\/wp\/v2\/pages\/394\/revisions"}],"predecessor-version":[{"id":437,"href":"https:\/\/rossetijoias.com.br\/produtossite\/wp-json\/wp\/v2\/pages\/394\/revisions\/437"}],"wp:attachment":[{"href":"https:\/\/rossetijoias.com.br\/produtossite\/wp-json\/wp\/v2\/media?parent=394"}],"curies":[{"name":"wp","href":"https:\/\/api.w.org\/{rel}","templated":true}]}}